{"id":80,"date":"2026-03-14T21:59:57","date_gmt":"2026-03-14T21:59:57","guid":{"rendered":"https:\/\/corbe.com.mx\/wordpress\/?page_id=80"},"modified":"2026-03-15T00:03:42","modified_gmt":"2026-03-15T00:03:42","slug":"pagina-principal-2026","status":"publish","type":"page","link":"https:\/\/corbe.com.mx\/","title":{"rendered":"Pagina Principal 2026"},"content":{"rendered":"<div class=\"brz brz-root__container brz-reset-all brz-root__container-page\" >\n<section id=\"hero-corbe\" data-brz-id=\"yYDJfS4dlFcU_yYDJfS4dlFcU\" class=\"brz-section @media (max-width: 768px) {     \/* Forzamos a que la secci\u00f3n mantenga una altura que luzca bien en m\u00f3viles *\/     .hero-corbe {         min-height: 60vh !important; \/* Ajusta este n\u00famero si quieres que sea m\u00e1s alta o baja *\/         display: flex !important;         align-items: center !important;     }      \/* Evitamos que la imagen de la casa se corte demasiado por los lados *\/     .hero-corbe > .brz-bg {         background-size: cover !important;         background-position: 70% center !important; \/* Mueve la casa un poco a la izquierda para centrarla en el cel *\/     } } brz-css-d-section brz-css-1oaa0i3&#8243;><\/p>\n<div class=\"brz-section__content brz-section--boxed brz-css-d-sectionitem-bg brz-css-1mcn9fr\" data-brz-custom-id=\"mJxTBnsXCpV_\">\n<div class=\"brz-bg\">\n<div class=\"brz-bg-image\"><\/div>\n<\/div>\n<div class=\"brz-container brz-css-d-sectionitem-container brz-css-4vc1jv\">\n<div class=\"brz-row__container brz-css-d-row-row brz-css-eybj3i\" data-brz-custom-id=\"sfmSnHken5RK\">\n<div class=\"brz-row brz-css-d-row-container brz-css-e0opaf\">\n<div class=\"brz-columns brz-css-d-column-column brz-css-emap49\" data-brz-custom-id=\"vBMF9aIgKp_l\">\n<div class=\"brz-column__items brz-css-d-column-bg brz-css-1d3f8bt\">\n<div id=\"\" class=\"brz-css-d-wrapper brz-css-16myi50 brz-wrapper\">\n<div class=\"brz-image brz-css-d-image-c9swnhrzasgh-parent brz-css-eawjus\" data-brz-custom-id=\"c9SWnHrZASGh\"><picture class=\"brz-picture brz-d-block brz-p-relative brz-css-d-image-c9swnhrzasgh-picture brz-css-17jb57m\"><source srcset=\"https:\/\/corbe.com.mx\/wordpress\/wp-content\/uploads\/2026\/03\/logo-corbe-light.png 1x, https:\/\/corbe.com.mx\/wordpress\/wp-content\/uploads\/2026\/03\/logo-corbe-light.png 2x\" media=\"(min-width: 992px)\"><source srcset=\"https:\/\/corbe.com.mx\/wordpress\/wp-content\/uploads\/2026\/03\/logo-corbe-light.png 1x, https:\/\/corbe.com.mx\/wordpress\/wp-content\/uploads\/2026\/03\/logo-corbe-light.png 2x\" media=\"(min-width: 768px)\"><img decoding=\"async\" class=\"brz-img\" srcset=\"https:\/\/corbe.com.mx\/wordpress\/wp-content\/uploads\/2026\/03\/logo-corbe-light.png 1x, https:\/\/corbe.com.mx\/wordpress\/wp-content\/uploads\/2026\/03\/logo-corbe-light.png 2x\" src=\"https:\/\/corbe.com.mx\/wordpress\/wp-content\/uploads\/2026\/03\/logo-corbe-light.png\" loading=\"lazy\" alt=\"\" title=\"logo-corbe-light\" draggable=\"false\"><\/picture><\/div>\n<\/div>\n<\/div>\n<\/div>\n<\/div>\n<\/div>\n<div class=\"brz-row__container brz-css-d-row-row brz-css-lgle3a\" data-brz-custom-id=\"dol1OLHNWov5\">\n<div class=\"brz-row brz-css-d-row-container brz-css-r-row-container brz-css-rr9iq8\">\n<div class=\"brz-columns brz-css-d-column-column brz-css-tgqioy\" data-brz-custom-id=\"x7MigkvJTZgt\">\n<div class=\"brz-column__items brz-css-d-column-bg brz-css-1chi7md\">\n<div id=\"\" class=\"brz-css-d-wrapper brz-css-dduhj7 brz-wrapper\">\n<div class=\"brz-rich-text brz-rich-text__custom brz-css-d-richtext brz-css-zvysqm\" data-brz-custom-id=\"kK1BEwL8BKJO\">\n<div data-brz-translate-text=\"1\">\n<p data-uniq-id=\"twDp4\" data-generated-css=\"brz-css-h3LlJ\" class=\"brz-fss-lg-px brz-fw-lg-400 brz-ls-lg-0 brz-lh-lg-1_9 brz-vfw-lg-400 brz-fwdth-lg-100 brz-fsft-lg-0 brz-tp-lg-empty brz-ff-oxygen brz-ft-google brz-fs-lg-50 brz-css-rK0KT\"><strong style=\"color: rgb(255, 255, 255);\" class=\"brz-bold-true\">ARQUITECTURA <\/strong><strong style=\"color: rgb(197, 163, 104);\" class=\"brz-bold-true\">UNICA<\/strong><strong style=\"color: rgb(255, 255, 255);\" class=\"brz-bold-true\">.<\/strong><\/p>\n<p data-uniq-id=\"pGqCo\" data-generated-css=\"brz-css-dDMg3\" class=\"brz-fss-lg-px brz-fw-lg-400 brz-ls-lg-0 brz-lh-lg-1_9 brz-vfw-lg-400 brz-fwdth-lg-100 brz-fsft-lg-0 brz-tp-lg-empty brz-ff-oxygen brz-ft-google brz-fs-lg-50 brz-css-k9zh5\"><strong style=\"color: rgb(255, 255, 255);\" class=\"brz-bold-true\">TU VISION, ELEVADA AL SIGUIENTE NIVEL.<\/strong><\/p>\n<\/div>\n<\/div>\n<\/div>\n<div id=\"\" class=\"brz-css-d-wrapper brz-css-8u5bv4 brz-wrapper\">\n<div class=\"brz-line brz-line-default brz-css-d-line brz-css-19tdfpa\" data-brz-custom-id=\"gCJq0zWaPYG8\">\n<hr class=\"brz-hr\"><\/div>\n<\/div>\n<div id=\"\" class=\"brz-css-d-wrapper brz-css-18xotjx brz-wrapper\">\n<div class=\"brz-rich-text brz-rich-text__custom brz-css-d-richtext brz-css-vgv7mv\" data-brz-custom-id=\"hNGZI0t2_9Jl\">\n<div data-brz-translate-text=\"1\">\n<p data-uniq-id=\"kd3VF\" data-generated-css=\"brz-css-bF7Z3\" class=\"brz-tp-lg-empty brz-ff-overpass brz-ft-google brz-fs-lg-17 brz-fss-lg-px brz-fw-lg-400 brz-ls-lg-0 brz-lh-lg-1_9 brz-vfw-lg-400 brz-fwdth-lg-100 brz-fsft-lg-0 brz-css-trtq1\"><span style=\"color: rgb(255, 255, 255);\">Transfromando tus ideas m\u00e1s audaces en obras aquitectonicas irrepetibles.<\/span><\/p>\n<\/div>\n<\/div>\n<\/div>\n<div id=\"\" class=\"brz-css-d-wrapper brz-css-r-wrapper brz-css-bkbcrm brz-wrapper\">\n<div class=\"brz-spacer brz-css-d-spacer brz-css-70zpz3\"><\/div>\n<\/div>\n<\/div>\n<\/div>\n<div class=\"brz-columns brz-css-d-column-column brz-css-1ni9aqj\" data-brz-custom-id=\"mohSzlX8kB1l\">\n<div class=\"brz-column__items brz-css-d-column-bg brz-css-15j0o3i\">\n<div id=\"\" class=\"brz-css-d-wrapper brz-css-hhrpn2 brz-wrapper\">\n<div class=\"brz-rich-text brz-rich-text__custom brz-css-d-richtext brz-css-1ckz75j\" data-brz-custom-id=\"v1Es8pKd_gdh\">\n<div data-brz-translate-text=\"1\">\n<h1 class=\"brz-lh-xs-1_1 brz-text-lg-right brz-lh-lg-1_3 brz-lh-sm-1_3 brz-fs-lg-75 brz-fs-sm-69 brz-fs-xs-63 brz-ls-lg-m_1_5 brz-ls-sm-m_1 brz-ls-xs-m_1 brz-ff-overpass brz-fw-lg-700 brz-fw-sm-700 brz-fw-xs-700 brz-css-jDl4Y\" data-uniq-id=\"jiIHh\" data-generated-css=\"brz-css-qJ8Jp\"><\/h1>\n<h1 class=\"brz-lh-xs-1_1 brz-text-lg-right brz-lh-lg-1_3 brz-lh-sm-1_3 brz-fs-lg-75 brz-fs-sm-69 brz-fs-xs-63 brz-ls-lg-m_1_5 brz-ls-sm-m_1 brz-ls-xs-m_1 brz-ff-overpass brz-fw-lg-700 brz-fw-sm-700 brz-fw-xs-700 brz-css-zbqV6\" data-uniq-id=\"jiIHh\" data-generated-css=\"brz-css-qJ8Jp\"> <\/h1>\n<\/div>\n<\/div>\n<\/div>\n<div class=\"brz-wrapper-clone brz-flex-xs-wrap brz-css-d-cloneable brz-css-1e9nf41\" data-brz-custom-id=\"mE27USRLtRIh\"><a class=\"brz-a brz-btn brz-btn--hover brz-fade brz-css-d-button brz-css-1glk0sn .boton-redondo {     border-radius: 50px !important; \/* El valor 50px crea el efecto c\u00e1psula *\/     padding: 15px 35px !important;  \/* Ajusta el espacio interno para que se vea equilibrado *\/     transition: all 0.3s ease;       \/* Para que los cambios al pasar el mouse sean suaves *\/ }  .boton-redondo:hover {     transform: scale(1.05);          \/* Un ligero efecto de crecimiento al pasar el mouse *\/     box-shadow: 0px 4px 15px rgba(197, 163, 104, 0.4); \/* Sombra suave con tu dorado #C5A368 *\/ } brz-css-d-button-bg brz-css-1oerphb\" target=\"_self\" rel=\"noopener\" data-brz-link-type=\"page\" id=\"boton-redondo\" data-brz-custom-id=\"rHTPlcKwQDQE\"><svg class=\"brz-icon-svg align-[initial] brz-css-d-button-icon brz-css-3p9z57\"><use href=\"\/wordpress\/wp-content\/plugins\/brizy\/public\/editor-build\/prod\/editor\/icons\/glyph\/tail-right.svg#nc_icon\"><\/use><\/svg><span data-brz-translate-text=\"1\" class=\"brz-span brz-text__editor\">CONTACTANOS<\/span><\/a><\/div>\n<div id=\"\" class=\"brz-css-d-wrapper brz-css-7o4snn brz-wrapper\">\n<div class=\"brz-line brz-line-default brz-css-d-line brz-css-11a1wtk\" data-brz-custom-id=\"es5KF2CglfyW\">\n<hr class=\"brz-hr\"><\/div>\n<\/div>\n<div id=\"\" class=\"brz-css-d-wrapper brz-css-gou81v brz-wrapper\">\n<div class=\"brz-rich-text brz-rich-text__custom brz-css-d-richtext brz-css-a5a5af\" data-brz-custom-id=\"r1M31LFGJPdv\">\n<div data-brz-translate-text=\"1\">\n<p data-uniq-id=\"nWdJb\" data-generated-css=\"brz-css-anybV\" class=\"brz-tp-lg-empty brz-ff-overpass brz-ft-google brz-fs-lg-19 brz-fss-lg-px brz-fw-lg-400 brz-ls-lg-0 brz-lh-lg-1_9 brz-vfw-lg-400 brz-fwdth-lg-100 brz-fsft-lg-0 brz-text-lg-center brz-css-cWAl3\"><span style=\"color: rgba(var(--brz-global-color3),1);\" class=\"brz-cp-color3\">Nuestros Proyectos<\/span><\/p>\n<\/div>\n<\/div>\n<\/div>\n<div class=\"brz-row__container brz-css-d-row-row brz-css-197o1bs\" data-brz-custom-id=\"oiU5172bA3jd\">\n<div class=\"brz-row brz-row--inner brz-css-d-row-container brz-css-1lcrrbd\">\n<div class=\"brz-columns brz-css-d-column-column brz-css-143iy7f\" data-brz-custom-id=\"qu1Do3ctRQ9w\">\n<div class=\"brz-column__items brz-css-d-column-bg brz-css-1by9crn\">\n<div id=\"\" class=\"brz-css-d-wrapper brz-css-cm482v brz-wrapper\">\n<div class=\"brz-hover-animation__container brz-css-d-image-kawasaky9rzi-parent-hover brz-css-f55yh7\" data-brz-hover-animationid=\"j60WtcoFsqy9\" data-brz-hover-options=\"%7B%22fill%22:%22forwards%22,%22easing%22:%22ease%22,%22duration%22:600,%22iterations%22:1%7D\" data-brz-hover-reversible=\"true\" data-brz-hover-target=\"%22firstChild%22\" data-brz-hover-animation=\"%5B%7B%22WebkitTransform%22:%22scale(1.1)%22,%22transform%22:%22scale(1.1)%22,%22offset%22:1%7D%5D\" data-brz-custom-id=\"kAwaSAkY9RZi\">\n<div class=\"brz-image brz-image--hovered brz-css-d-image-kawasaky9rzi-parent brz-css-rwufup\"><picture class=\"brz-picture brz-d-block brz-p-relative brz-css-d-image-kawasaky9rzi-picture brz-css-8cjswg\"><source srcset=\"https:\/\/corbe.com.mx\/wordpress\/wp-content\/uploads\/2026\/03\/Captura-de-pantalla-2026-03-14-a-las-5.22.51-p.m.png 1x, https:\/\/corbe.com.mx\/wordpress\/wp-content\/uploads\/2026\/03\/Captura-de-pantalla-2026-03-14-a-las-5.22.51-p.m.png 2x\" media=\"(min-width: 992px)\"><source srcset=\"https:\/\/corbe.com.mx\/wordpress\/wp-content\/uploads\/2026\/03\/Captura-de-pantalla-2026-03-14-a-las-5.22.51-p.m.png 1x, https:\/\/corbe.com.mx\/wordpress\/wp-content\/uploads\/2026\/03\/Captura-de-pantalla-2026-03-14-a-las-5.22.51-p.m.png 2x\" media=\"(min-width: 768px)\"><img decoding=\"async\" class=\"brz-img\" srcset=\"https:\/\/corbe.com.mx\/wordpress\/wp-content\/uploads\/2026\/03\/Captura-de-pantalla-2026-03-14-a-las-5.22.51-p.m.png 1x, https:\/\/corbe.com.mx\/wordpress\/wp-content\/uploads\/2026\/03\/Captura-de-pantalla-2026-03-14-a-las-5.22.51-p.m.png 2x\" src=\"https:\/\/corbe.com.mx\/wordpress\/wp-content\/uploads\/2026\/03\/Captura-de-pantalla-2026-03-14-a-las-5.22.51-p.m.png\" loading=\"lazy\" alt=\"\" title=\"Captura de pantalla 2026-03-14 a la(s) 5.22.51\u202fp.m.\" draggable=\"false\"><\/picture><\/div>\n<\/div>\n<\/div>\n<\/div>\n<\/div>\n<div class=\"brz-columns brz-css-d-column-column brz-css-1cjmt7y\" data-brz-custom-id=\"cUzEY21_Ud7Y\">\n<div class=\"brz-column__items brz-css-d-column-bg brz-css-brxz6\">\n<div id=\"\" class=\"brz-css-d-wrapper brz-css-16ix2y4 brz-wrapper\">\n<div class=\"brz-hover-animation__container brz-css-d-image-vynmnjsvfxy6-parent-hover brz-css-znbu1\" data-brz-hover-animationid=\"dIHKUL6tvbO0\" data-brz-hover-options=\"%7B%22fill%22:%22forwards%22,%22easing%22:%22ease%22,%22duration%22:600,%22iterations%22:1%7D\" data-brz-hover-reversible=\"true\" data-brz-hover-target=\"%22firstChild%22\" data-brz-hover-animation=\"%5B%7B%22WebkitTransform%22:%22scale(1.1)%22,%22transform%22:%22scale(1.1)%22,%22offset%22:1%7D%5D\" data-brz-custom-id=\"vynMNJSvfxy6\">\n<div class=\"brz-image brz-image--hovered brz-css-d-image-vynmnjsvfxy6-parent brz-css-w0tsav\"><picture class=\"brz-picture brz-d-block brz-p-relative brz-css-d-image-vynmnjsvfxy6-picture brz-css-1etbat\"><source srcset=\"https:\/\/corbe.com.mx\/wordpress\/wp-content\/uploads\/2026\/03\/Captura-de-pantalla-2026-03-14-a-las-5.23.27-p.m.png 1x, https:\/\/corbe.com.mx\/wordpress\/wp-content\/uploads\/2026\/03\/Captura-de-pantalla-2026-03-14-a-las-5.23.27-p.m.png 2x\" media=\"(min-width: 992px)\"><source srcset=\"https:\/\/corbe.com.mx\/wordpress\/wp-content\/uploads\/2026\/03\/Captura-de-pantalla-2026-03-14-a-las-5.23.27-p.m.png 1x, https:\/\/corbe.com.mx\/wordpress\/wp-content\/uploads\/2026\/03\/Captura-de-pantalla-2026-03-14-a-las-5.23.27-p.m.png 2x\" media=\"(min-width: 768px)\"><img decoding=\"async\" class=\"brz-img\" srcset=\"https:\/\/corbe.com.mx\/wordpress\/wp-content\/uploads\/2026\/03\/Captura-de-pantalla-2026-03-14-a-las-5.23.27-p.m.png 1x, https:\/\/corbe.com.mx\/wordpress\/wp-content\/uploads\/2026\/03\/Captura-de-pantalla-2026-03-14-a-las-5.23.27-p.m.png 2x\" src=\"https:\/\/corbe.com.mx\/wordpress\/wp-content\/uploads\/2026\/03\/Captura-de-pantalla-2026-03-14-a-las-5.23.27-p.m.png\" loading=\"lazy\" alt=\"\" title=\"Captura de pantalla 2026-03-14 a la(s) 5.23.27\u202fp.m.\" draggable=\"false\"><\/picture><\/div>\n<\/div>\n<\/div>\n<\/div>\n<\/div>\n<\/div>\n<\/div>\n<\/div>\n<\/div>\n<\/div>\n<\/div>\n<div id=\"\" class=\"brz-css-d-wrapper brz-css-r-wrapper brz-css-todzwi brz-wrapper\">\n<div class=\"brz-spacer brz-css-d-spacer brz-css-1qty0o3\"><\/div>\n<\/div>\n<\/div>\n<\/div>\n<\/section>\n<section id=\"lLeHLpTsysIA_lLeHLpTsysIA\" class=\"brz-section brz-css-d-section brz-css-1d1vl1n\">\n<div class=\"brz-section__content brz-section--boxed brz-css-d-sectionitem-bg brz-css-3f2stw\" data-brz-custom-id=\"asC39mzs5eRF\">\n<div class=\"brz-bg\">\n<div class=\"brz-bg-image\"><\/div>\n<div class=\"brz-bg-color\"><\/div>\n<\/div>\n<div class=\"brz-container brz-css-d-sectionitem-container brz-css-1kzpxmu\">\n<div class=\"brz-row__container brz-css-d-row-row brz-css-k2av7\" data-brz-custom-id=\"vr_h6vUoSg4P\">\n<div class=\"brz-row brz-css-d-row-container brz-css-r-row-container brz-css-3kejgo\">\n<div class=\"brz-columns brz-css-d-column-column brz-css-mzyi5c\" data-brz-custom-id=\"rEXxXEgxxGTy\">\n<div class=\"brz-column__items brz-css-d-column-bg brz-css-ico6r0\">\n<div id=\"\" class=\"brz-css-d-wrapper brz-css-cf0ht4 brz-wrapper\">\n<div class=\"brz-rich-text brz-rich-text__custom brz-css-d-richtext brz-css-335d8b\" data-brz-custom-id=\"tUBWPIYL0wqR\">\n<div data-brz-translate-text=\"1\">\n<p data-uniq-id=\"eGZtz\" data-generated-css=\"brz-css-b4TnL\" class=\"brz-text-xs-center brz-text-lg-center brz-fss-lg-px brz-fw-lg-700 brz-ls-lg-0 brz-lh-lg-1_6 brz-vfw-lg-400 brz-fwdth-lg-100 brz-fsft-lg-0 brz-tp-lg-empty brz-ff-overpass brz-ft-google brz-fs-lg-26 brz-css-j8Hr7\"><span class=\"brz-cp-color3\" style=\"color: rgba(var(--brz-global-color3),1);\">\u2605\u2605\u2605\u2605\u2605<\/span><\/p>\n<h5 class=\"brz-text-xs-center brz-tp-lg-heading5 brz-css-xib8v\" data-uniq-id=\"mxVmF\" data-generated-css=\"brz-css-lDYh9\"><span class=\"brz-cp-color3\" style=\"color: rgb(255, 255, 255);\">\u00abLa solidez del concreto se encuentra con la precisi\u00f3n del dise\u00f1o. No solo construimos espacios, definimos el est\u00e1ndar de una nueva era arquitect\u00f3nica.\u00bb<\/span><span class=\"brz-cp-color3\" style=\"color: rgba(var(--brz-global-color3),1);\"> <\/span><\/h5>\n<p class=\"brz-text-xs-center brz-tp-lg-heading1 brz-css-cZdun\" data-uniq-id=\"t5cIg\" data-generated-css=\"brz-css-d0Nc9\"><\/p>\n<\/div>\n<\/div>\n<\/div>\n<div id=\"\" class=\"brz-css-d-wrapper brz-css-r-wrapper brz-css-1n9lgp9 brz-wrapper\">\n<div class=\"brz-spacer brz-css-d-spacer brz-css-1rnbyha\"><\/div>\n<\/div>\n<\/div>\n<\/div>\n<\/div>\n<\/div>\n<div id=\"\" class=\"brz-css-d-wrapper brz-css-1tyjgjd brz-wrapper\">\n<div class=\"brz-line brz-line-default brz-css-d-line brz-css-1iaq41x\" data-brz-custom-id=\"ge8PUfy_8hpw\">\n<hr class=\"brz-hr\"><\/div>\n<\/div>\n<\/div>\n<\/div>\n<\/section><\/div>\n<p><!-- version:1773533021 --><\/p>\n","protected":false},"excerpt":{"rendered":"","protected":false},"author":1,"featured_media":0,"parent":0,"menu_order":0,"comment_status":"closed","ping_status":"closed","template":"brizy-blank-template.php","meta":{"footnotes":""},"class_list":["post-80","page","type-page","status-publish","hentry"],"brizy_media":[{"id":84,"url":"https:\/\/corbe.com.mx\/wordpress\/wp-content\/uploads\/2026\/03\/Captura-de-pantalla-2026-03-14-a-las-12.39.28-p.m-1-scaled.png","name":"Captura-de-pantalla-2026-03-14-a-las-12.39.28-p.m-1.png","meta":{"brizy_attachment_uid":"wp-13cd2c7a15f1eadfd7c212c275268bc0.png","brizy_post_uid":["473500ce87459a324c17072c733cf91c"]}},{"id":96,"url":"https:\/\/corbe.com.mx\/wordpress\/wp-content\/uploads\/2026\/03\/logo-corbe-light.png","name":"logo-corbe-light.png","meta":{"brizy_attachment_uid":"wp-27f06be9bf6f4d9352bf221a77ed7a95.png","brizy_post_uid":["473500ce87459a324c17072c733cf91c"]}},{"id":102,"url":"https:\/\/corbe.com.mx\/wordpress\/wp-content\/uploads\/2026\/03\/Captura-de-pantalla-2026-03-14-a-las-12_imgupscaler.ai_General_16K-scaled.jpg","name":"Captura-de-pantalla-2026-03-14-a-las-12_imgupscaler.ai_General_16K.jpg","meta":{"brizy_attachment_uid":"wp-35ee33e253a56738b58e16b0269acf51.jpg","brizy_post_uid":["473500ce87459a324c17072c733cf91c"]}},{"id":103,"url":"https:\/\/corbe.com.mx\/wordpress\/wp-content\/uploads\/2026\/03\/Captura-de-pantalla-2026-03-14-a-las-5.22.51-p.m.png","name":"Captura-de-pantalla-2026-03-14-a-las-5.22.51-p.m.png","meta":{"brizy_attachment_uid":"wp-2fc386c803c4a76053cffdbfc1368b44.png","brizy_post_uid":["473500ce87459a324c17072c733cf91c"]}},{"id":104,"url":"https:\/\/corbe.com.mx\/wordpress\/wp-content\/uploads\/2026\/03\/Captura-de-pantalla-2026-03-14-a-las-5.23.27-p.m.png","name":"Captura-de-pantalla-2026-03-14-a-las-5.23.27-p.m.png","meta":{"brizy_attachment_uid":"wp-42095c39ed3bcc4da9304a1cc88eadc8.png","brizy_post_uid":["473500ce87459a324c17072c733cf91c"]}},{"id":106,"url":"https:\/\/corbe.com.mx\/wordpress\/wp-content\/uploads\/2026\/03\/Captura-de-pantalla-2026-03-14-a-las-5.41.52-p.m.png","name":"Captura-de-pantalla-2026-03-14-a-las-5.41.52-p.m.png","meta":{"brizy_attachment_uid":"wp-67190660da43bd3ca630a15755641b81.png","brizy_post_uid":["473500ce87459a324c17072c733cf91c"]}}],"_links":{"self":[{"href":"https:\/\/corbe.com.mx\/index.php\/wp-json\/wp\/v2\/pages\/80","targetHints":{"allow":["GET"]}}],"collection":[{"href":"https:\/\/corbe.com.mx\/index.php\/wp-json\/wp\/v2\/pages"}],"about":[{"href":"https:\/\/corbe.com.mx\/index.php\/wp-json\/wp\/v2\/types\/page"}],"author":[{"embeddable":true,"href":"https:\/\/corbe.com.mx\/index.php\/wp-json\/wp\/v2\/users\/1"}],"replies":[{"embeddable":true,"href":"https:\/\/corbe.com.mx\/index.php\/wp-json\/wp\/v2\/comments?post=80"}],"version-history":[{"count":14,"href":"https:\/\/corbe.com.mx\/index.php\/wp-json\/wp\/v2\/pages\/80\/revisions"}],"predecessor-version":[{"id":123,"href":"https:\/\/corbe.com.mx\/index.php\/wp-json\/wp\/v2\/pages\/80\/revisions\/123"}],"wp:attachment":[{"href":"https:\/\/corbe.com.mx\/index.php\/wp-json\/wp\/v2\/media?parent=80"}],"curies":[{"name":"wp","href":"https:\/\/api.w.org\/{rel}","templated":true}]}}